{"id":9397,"date":"2022-12-09T16:51:59","date_gmt":"2022-12-09T15:51:59","guid":{"rendered":"https:\/\/hotelnuovoparco.com\/?page_id=9397"},"modified":"2022-12-16T13:26:26","modified_gmt":"2022-12-16T12:26:26","slug":"novita","status":"publish","type":"page","link":"https:\/\/hotelnuovoparco.com\/en\/novita\/","title":{"rendered":"NEWS"},"content":{"rendered":"<div data-elementor-type=\"wp-page\" data-elementor-id=\"9397\" class=\"elementor elementor-9397\">\n\t\t\t\t\t\t<section class=\"elementor-section elementor-top-section elementor-element elementor-element-5d743d86 elementor-section-stretched elementor-section-content-middle elementor-section-boxed elementor-section-height-default elementor-section-height-default\" data-id=\"5d743d86\" data-element_type=\"section\" data-e-type=\"section\" data-settings=\"{&quot;stretch_section&quot;:&quot;section-stretched&quot;,&quot;background_background&quot;:&quot;classic&quot;}\">\n\t\t\t\t\t\t\t<div class=\"elementor-background-overlay\"><\/div>\n\t\t\t\t\t\t\t<div class=\"elementor-container elementor-column-gap-default\">\n\t\t\t\t\t<div class=\"elementor-column elementor-col-100 elementor-top-column elementor-element elementor-element-3f6ef4c9\" data-id=\"3f6ef4c9\" data-element_type=\"column\" data-e-type=\"column\">\n\t\t\t<div class=\"elementor-widget-wrap elementor-element-populated\">\n\t\t\t\t\t\t<div class=\"elementor-element elementor-element-f7da3d2 elementor-widget elementor-widget-heading\" data-id=\"f7da3d2\" data-element_type=\"widget\" data-e-type=\"widget\" data-no-translation=\"\" data-widget_type=\"heading.default\">\n\t\t\t\t<div class=\"elementor-widget-container\">\n\t\t\t\t\t<style>.elementor-element-f7da3d2{display:none !important}<\/style>\t\t\t\t<\/div>\n\t\t\t\t<\/div>\n\t\t\t\t<div class=\"elementor-element elementor-element-dfb935e elementor-widget elementor-widget-heading\" data-id=\"dfb935e\" data-element_type=\"widget\" data-e-type=\"widget\" data-no-translation=\"\" data-widget_type=\"heading.default\">\n\t\t\t\t<div class=\"elementor-widget-container\">\n\t\t\t\t\t<h1 class=\"elementor-heading-title elementor-size-default\">NEWS<\/h1>\t\t\t\t<\/div>\n\t\t\t\t<\/div>\n\t\t\t\t\t<\/div>\n\t\t<\/div>\n\t\t\t\t\t<\/div>\n\t\t<\/section>\n\t\t\t\t<section class=\"elementor-section elementor-top-section elementor-element elementor-element-1a77929b elementor-section-content-middle elementor-reverse-tablet elementor-reverse-mobile elementor-section-stretched elementor-section-boxed elementor-section-height-default elementor-section-height-default\" data-id=\"1a77929b\" data-element_type=\"section\" data-e-type=\"section\" data-settings=\"{&quot;stretch_section&quot;:&quot;section-stretched&quot;,&quot;background_background&quot;:&quot;classic&quot;}\">\n\t\t\t\t\t\t\t<div class=\"elementor-background-overlay\"><\/div>\n\t\t\t\t\t\t\t<div class=\"elementor-container elementor-column-gap-default\">\n\t\t\t\t\t<div class=\"elementor-column elementor-col-100 elementor-top-column elementor-element elementor-element-6d7206f5\" data-id=\"6d7206f5\" data-element_type=\"column\" data-e-type=\"column\">\n\t\t\t<div class=\"elementor-widget-wrap elementor-element-populated\">\n\t\t\t\t\t\t<div class=\"elementor-element elementor-element-e7fe20e elementor-widget elementor-widget-postgrid\" data-id=\"e7fe20e\" data-element_type=\"widget\" data-e-type=\"widget\" data-widget_type=\"postgrid.default\">\n\t\t\t\t<div class=\"elementor-widget-container\">\n\t\t\t\t\t\n<div class=\"nd_elements_section nd_elements_masonry_content nd_elements_postgrid_compo_l6\">\n    \t<div class=\"nd_elements_width_100_percentage  nd_elements_width_100_percentage_responsive nd_elements_float_left nd_elements_masonry_item nd_elements_padding_15 nd_elements_box_sizing_border_box\">\n\n    \t\t<div class=\"nd_elements_section nd_elements_background_color_fff nd_elements_box_shadow_0_0_15_0_0001 nd_elements_box_sizing_border_box nd_elements_display_table nd_elements_position_relative\">\n\n    \t\t\t<div style=\"background-image:url(https:\/\/hotelnuovoparco.com\/wp-content\/uploads\/2022\/11\/SPA.jpg)\" class=\"nd_elements_display_table_cell nd_elements_postgrid_compo_l6_image nd_elements_width_50_percentage nd_elements_width_100_percentage_responsive nd_elements_float_left_responsive nd_elements_height_300_responsive nd_elements_background_position_center nd_elements_background_repeat_no_repeat nd_elements_background_size_cover\"><\/div>\n\n    \t\t\t<div class=\"nd_elements_section\">\n\n\t    \t\t\t<div style=\"background-color:#fff\" class=\"nd_elements_width_50_percentage nd_elements_width_100_percentage_responsive nd_elements_float_left_responsive nd_elements_postgrid_compo_l6_content nd_elements_display_table_cell nd_elements_vertical_align_middle nd_elements_padding_50 nd_elements_padding_20_iphone nd_elements_box_sizing_border_box\">\n\t    \t\t\t\t\n\t    \t\t\t\t<p class=\"nd_elements_margin_0_important nd_elements_postgrid_compo_l6_datecat  nd_elements_font_size_12 nd_elements_padding_0 nd_elements_text_transform_uppercase nd_elements_font_weight_bold nd_elements_letter_spacing_2 nd_elements_line_height_1\">4 Jan - Novit\u00e0 <\/p>\n\t\t<div class=\"nd_elements_section nd_elements_height_20\"><\/div>\n\t    \t\t\t\t<h3 class=\"nd_elements_margin_0_important nd_elements_padding_0 nd_elements_font_weight_bold nd_elements_line_height_1_5 nd_elements_postgrid_compo_l6_title\">OFFERTA post vacanze di Natale<\/h3>\n\t    \t\t\t\t<div class=\"nd_elements_section nd_elements_height_20\"><\/div>\n\t    \t\t\t\t<p class=\"nd_elements_line_height_2 nd_elements_font_weight_normal nd_elements_postgrid_compo_l6_excerpt\">Per il weekend del 9 e 10 gennaio (due notti) in camera doppia con mezza pensione, cena con prodotti tipici del territorio, utilizzo della spa e della piscina: 150 euro a persona<\/p>\n\t    \t\t\t\t<div class=\"nd_elements_section nd_elements_height_20\"><\/div>\n\t    \t\t\t\t<a class=\"nd_elements_line_height_1 nd_elements_padding_10_20 nd_elements_postgrid_compo_l6_btn nd_elements_font_size_12 nd_options_color_white nd_options_first_font nd_elements_font_weight_bold nd_elements_letter_spacing_2\" style=\"background-color:#000000\" href=\"https:\/\/hotelnuovoparco.com\/en\/offerta-post-vacanze-di-natale\/\">READ MORE<\/a>\n\n\t    \t\t\t<\/div>\n\n    \t\t\t<\/div>\n\n    \t\t<\/div>\n\n    \t<\/div>\n    \t<div class=\"nd_elements_width_100_percentage  nd_elements_width_100_percentage_responsive nd_elements_float_left nd_elements_masonry_item nd_elements_padding_15 nd_elements_box_sizing_border_box\">\n\n    \t\t<div class=\"nd_elements_section nd_elements_background_color_fff nd_elements_box_shadow_0_0_15_0_0001 nd_elements_box_sizing_border_box nd_elements_display_table nd_elements_position_relative\">\n\n    \t\t\t<div style=\"background-image:url(https:\/\/hotelnuovoparco.com\/wp-content\/uploads\/2022\/12\/menucapodanno.jpg)\" class=\"nd_elements_display_table_cell nd_elements_postgrid_compo_l6_image nd_elements_width_50_percentage nd_elements_width_100_percentage_responsive nd_elements_float_left_responsive nd_elements_height_300_responsive nd_elements_background_position_center nd_elements_background_repeat_no_repeat nd_elements_background_size_cover\"><\/div>\n\n    \t\t\t<div class=\"nd_elements_section\">\n\n\t    \t\t\t<div style=\"background-color:#fff\" class=\"nd_elements_width_50_percentage nd_elements_width_100_percentage_responsive nd_elements_float_left_responsive nd_elements_postgrid_compo_l6_content nd_elements_display_table_cell nd_elements_vertical_align_middle nd_elements_padding_50 nd_elements_padding_20_iphone nd_elements_box_sizing_border_box\">\n\t    \t\t\t\t\n\t    \t\t\t\t<p class=\"nd_elements_margin_0_important nd_elements_postgrid_compo_l6_datecat  nd_elements_font_size_12 nd_elements_padding_0 nd_elements_text_transform_uppercase nd_elements_font_weight_bold nd_elements_letter_spacing_2 nd_elements_line_height_1\">8 Dec - Novit\u00e0 <\/p>\n\t\t<div class=\"nd_elements_section nd_elements_height_20\"><\/div>\n\t    \t\t\t\t<h3 class=\"nd_elements_margin_0_important nd_elements_padding_0 nd_elements_font_weight_bold nd_elements_line_height_1_5 nd_elements_postgrid_compo_l6_title\">New Year's Menu<\/h3>\n\t    \t\t\t\t<div class=\"nd_elements_section nd_elements_height_20\"><\/div>\n\t    \t\t\t\t<p class=\"nd_elements_line_height_2 nd_elements_font_weight_normal nd_elements_postgrid_compo_l6_excerpt\">Capodanno al Nuovo Parco! Festeggiamo insieme il 2026<\/p>\n\t    \t\t\t\t<div class=\"nd_elements_section nd_elements_height_20\"><\/div>\n\t    \t\t\t\t<a class=\"nd_elements_line_height_1 nd_elements_padding_10_20 nd_elements_postgrid_compo_l6_btn nd_elements_font_size_12 nd_options_color_white nd_options_first_font nd_elements_font_weight_bold nd_elements_letter_spacing_2\" style=\"background-color:#000000\" href=\"https:\/\/hotelnuovoparco.com\/en\/menu-capodanno\/\">READ MORE<\/a>\n\n\t    \t\t\t<\/div>\n\n    \t\t\t<\/div>\n\n    \t\t<\/div>\n\n    \t<\/div>\n    \t<div class=\"nd_elements_width_100_percentage  nd_elements_width_100_percentage_responsive nd_elements_float_left nd_elements_masonry_item nd_elements_padding_15 nd_elements_box_sizing_border_box\">\n\n    \t\t<div class=\"nd_elements_section nd_elements_background_color_fff nd_elements_box_shadow_0_0_15_0_0001 nd_elements_box_sizing_border_box nd_elements_display_table nd_elements_position_relative\">\n\n    \t\t\t<div style=\"background-image:url(https:\/\/hotelnuovoparco.com\/wp-content\/uploads\/2022\/12\/Pranzo_Natale-e1608718646511.jpg)\" class=\"nd_elements_display_table_cell nd_elements_postgrid_compo_l6_image nd_elements_width_50_percentage nd_elements_width_100_percentage_responsive nd_elements_float_left_responsive nd_elements_height_300_responsive nd_elements_background_position_center nd_elements_background_repeat_no_repeat nd_elements_background_size_cover\"><\/div>\n\n    \t\t\t<div class=\"nd_elements_section\">\n\n\t    \t\t\t<div style=\"background-color:#fff\" class=\"nd_elements_width_50_percentage nd_elements_width_100_percentage_responsive nd_elements_float_left_responsive nd_elements_postgrid_compo_l6_content nd_elements_display_table_cell nd_elements_vertical_align_middle nd_elements_padding_50 nd_elements_padding_20_iphone nd_elements_box_sizing_border_box\">\n\t    \t\t\t\t\n\t    \t\t\t\t<p class=\"nd_elements_margin_0_important nd_elements_postgrid_compo_l6_datecat  nd_elements_font_size_12 nd_elements_padding_0 nd_elements_text_transform_uppercase nd_elements_font_weight_bold nd_elements_letter_spacing_2 nd_elements_line_height_1\">3 Dec - Novit\u00e0 <\/p>\n\t\t<div class=\"nd_elements_section nd_elements_height_20\"><\/div>\n\t    \t\t\t\t<h3 class=\"nd_elements_margin_0_important nd_elements_padding_0 nd_elements_font_weight_bold nd_elements_line_height_1_5 nd_elements_postgrid_compo_l6_title\">Christmas Lunch Menu<\/h3>\n\t    \t\t\t\t<div class=\"nd_elements_section nd_elements_height_20\"><\/div>\n\t    \t\t\t\t<p class=\"nd_elements_line_height_2 nd_elements_font_weight_normal nd_elements_postgrid_compo_l6_excerpt\">Celebrate Christmas at the Nuovo Parco!<\/p>\n\t    \t\t\t\t<div class=\"nd_elements_section nd_elements_height_20\"><\/div>\n\t    \t\t\t\t<a class=\"nd_elements_line_height_1 nd_elements_padding_10_20 nd_elements_postgrid_compo_l6_btn nd_elements_font_size_12 nd_options_color_white nd_options_first_font nd_elements_font_weight_bold nd_elements_letter_spacing_2\" style=\"background-color:#000000\" href=\"https:\/\/hotelnuovoparco.com\/en\/menu-pranzo-natale\/\">READ MORE<\/a>\n\n\t    \t\t\t<\/div>\n\n    \t\t\t<\/div>\n\n    \t\t<\/div>\n\n    \t<\/div>\n    \t<div class=\"nd_elements_width_100_percentage  nd_elements_width_100_percentage_responsive nd_elements_float_left nd_elements_masonry_item nd_elements_padding_15 nd_elements_box_sizing_border_box\">\n\n    \t\t<div class=\"nd_elements_section nd_elements_background_color_fff nd_elements_box_shadow_0_0_15_0_0001 nd_elements_box_sizing_border_box nd_elements_display_table nd_elements_position_relative\">\n\n    \t\t\t<div style=\"background-image:url(https:\/\/hotelnuovoparco.com\/wp-content\/uploads\/2022\/12\/cena-asporto-Vigilia-@ristopescheriaconsoli-2.jpg)\" class=\"nd_elements_display_table_cell nd_elements_postgrid_compo_l6_image nd_elements_width_50_percentage nd_elements_width_100_percentage_responsive nd_elements_float_left_responsive nd_elements_height_300_responsive nd_elements_background_position_center nd_elements_background_repeat_no_repeat nd_elements_background_size_cover\"><\/div>\n\n    \t\t\t<div class=\"nd_elements_section\">\n\n\t    \t\t\t<div style=\"background-color:#fff\" class=\"nd_elements_width_50_percentage nd_elements_width_100_percentage_responsive nd_elements_float_left_responsive nd_elements_postgrid_compo_l6_content nd_elements_display_table_cell nd_elements_vertical_align_middle nd_elements_padding_50 nd_elements_padding_20_iphone nd_elements_box_sizing_border_box\">\n\t    \t\t\t\t\n\t    \t\t\t\t<p class=\"nd_elements_margin_0_important nd_elements_postgrid_compo_l6_datecat  nd_elements_font_size_12 nd_elements_padding_0 nd_elements_text_transform_uppercase nd_elements_font_weight_bold nd_elements_letter_spacing_2 nd_elements_line_height_1\">2 Dec - Novit\u00e0 <\/p>\n\t\t<div class=\"nd_elements_section nd_elements_height_20\"><\/div>\n\t    \t\t\t\t<h3 class=\"nd_elements_margin_0_important nd_elements_padding_0 nd_elements_font_weight_bold nd_elements_line_height_1_5 nd_elements_postgrid_compo_l6_title\">Christmas Eve Menu<\/h3>\n\t    \t\t\t\t<div class=\"nd_elements_section nd_elements_height_20\"><\/div>\n\t    \t\t\t\t<p class=\"nd_elements_line_height_2 nd_elements_font_weight_normal nd_elements_postgrid_compo_l6_excerpt\">Spend Christmas Eve with us! Fish specialties!<\/p>\n\t    \t\t\t\t<div class=\"nd_elements_section nd_elements_height_20\"><\/div>\n\t    \t\t\t\t<a class=\"nd_elements_line_height_1 nd_elements_padding_10_20 nd_elements_postgrid_compo_l6_btn nd_elements_font_size_12 nd_options_color_white nd_options_first_font nd_elements_font_weight_bold nd_elements_letter_spacing_2\" style=\"background-color:#000000\" href=\"https:\/\/hotelnuovoparco.com\/en\/menu-della-vigilia-di-natale\/\">READ MORE<\/a>\n\n\t    \t\t\t<\/div>\n\n    \t\t\t<\/div>\n\n    \t\t<\/div>\n\n    \t<\/div>\n    \t<div class=\"nd_elements_width_100_percentage  nd_elements_width_100_percentage_responsive nd_elements_float_left nd_elements_masonry_item nd_elements_padding_15 nd_elements_box_sizing_border_box\">\n\n    \t\t<div class=\"nd_elements_section nd_elements_background_color_fff nd_elements_box_shadow_0_0_15_0_0001 nd_elements_box_sizing_border_box nd_elements_display_table nd_elements_position_relative\">\n\n    \t\t\t<div style=\"background-image:url(https:\/\/hotelnuovoparco.com\/wp-content\/uploads\/2023\/06\/seafood-2408849_1280.jpg)\" class=\"nd_elements_display_table_cell nd_elements_postgrid_compo_l6_image nd_elements_width_50_percentage nd_elements_width_100_percentage_responsive nd_elements_float_left_responsive nd_elements_height_300_responsive nd_elements_background_position_center nd_elements_background_repeat_no_repeat nd_elements_background_size_cover\"><\/div>\n\n    \t\t\t<div class=\"nd_elements_section\">\n\n\t    \t\t\t<div style=\"background-color:#fff\" class=\"nd_elements_width_50_percentage nd_elements_width_100_percentage_responsive nd_elements_float_left_responsive nd_elements_postgrid_compo_l6_content nd_elements_display_table_cell nd_elements_vertical_align_middle nd_elements_padding_50 nd_elements_padding_20_iphone nd_elements_box_sizing_border_box\">\n\t    \t\t\t\t\n\t    \t\t\t\t<p class=\"nd_elements_margin_0_important nd_elements_postgrid_compo_l6_datecat  nd_elements_font_size_12 nd_elements_padding_0 nd_elements_text_transform_uppercase nd_elements_font_weight_bold nd_elements_letter_spacing_2 nd_elements_line_height_1\">6 Jun - Novit\u00e0 <\/p>\n\t\t<div class=\"nd_elements_section nd_elements_height_20\"><\/div>\n\t    \t\t\t\t<h3 class=\"nd_elements_margin_0_important nd_elements_padding_0 nd_elements_font_weight_bold nd_elements_line_height_1_5 nd_elements_postgrid_compo_l6_title\">Menu di Pesce<\/h3>\n\t    \t\t\t\t<div class=\"nd_elements_section nd_elements_height_20\"><\/div>\n\t    \t\t\t\t<p class=\"nd_elements_line_height_2 nd_elements_font_weight_normal nd_elements_postgrid_compo_l6_excerpt\">Menu di Pesce disponibile Sabato sera e Domenica pranzo e cena<\/p>\n\t    \t\t\t\t<div class=\"nd_elements_section nd_elements_height_20\"><\/div>\n\t    \t\t\t\t<a class=\"nd_elements_line_height_1 nd_elements_padding_10_20 nd_elements_postgrid_compo_l6_btn nd_elements_font_size_12 nd_options_color_white nd_options_first_font nd_elements_font_weight_bold nd_elements_letter_spacing_2\" style=\"background-color:#000000\" href=\"https:\/\/hotelnuovoparco.com\/en\/menu-di-pesce\/\">READ MORE<\/a>\n\n\t    \t\t\t<\/div>\n\n    \t\t\t<\/div>\n\n    \t\t<\/div>\n\n    \t<\/div>\n    \t<div class=\"nd_elements_width_100_percentage  nd_elements_width_100_percentage_responsive nd_elements_float_left nd_elements_masonry_item nd_elements_padding_15 nd_elements_box_sizing_border_box\">\n\n    \t\t<div class=\"nd_elements_section nd_elements_background_color_fff nd_elements_box_shadow_0_0_15_0_0001 nd_elements_box_sizing_border_box nd_elements_display_table nd_elements_position_relative\">\n\n    \t\t\t<div style=\"background-image:url(https:\/\/hotelnuovoparco.com\/wp-content\/uploads\/2023\/06\/restaurant-449952_1280.jpg)\" class=\"nd_elements_display_table_cell nd_elements_postgrid_compo_l6_image nd_elements_width_50_percentage nd_elements_width_100_percentage_responsive nd_elements_float_left_responsive nd_elements_height_300_responsive nd_elements_background_position_center nd_elements_background_repeat_no_repeat nd_elements_background_size_cover\"><\/div>\n\n    \t\t\t<div class=\"nd_elements_section\">\n\n\t    \t\t\t<div style=\"background-color:#fff\" class=\"nd_elements_width_50_percentage nd_elements_width_100_percentage_responsive nd_elements_float_left_responsive nd_elements_postgrid_compo_l6_content nd_elements_display_table_cell nd_elements_vertical_align_middle nd_elements_padding_50 nd_elements_padding_20_iphone nd_elements_box_sizing_border_box\">\n\t    \t\t\t\t\n\t    \t\t\t\t<p class=\"nd_elements_margin_0_important nd_elements_postgrid_compo_l6_datecat  nd_elements_font_size_12 nd_elements_padding_0 nd_elements_text_transform_uppercase nd_elements_font_weight_bold nd_elements_letter_spacing_2 nd_elements_line_height_1\">6 Jun - Novit\u00e0 <\/p>\n\t\t<div class=\"nd_elements_section nd_elements_height_20\"><\/div>\n\t    \t\t\t\t<h3 class=\"nd_elements_margin_0_important nd_elements_padding_0 nd_elements_font_weight_bold nd_elements_line_height_1_5 nd_elements_postgrid_compo_l6_title\">Apertura Ristorante 24 giugno<\/h3>\n\t    \t\t\t\t<div class=\"nd_elements_section nd_elements_height_20\"><\/div>\n\t    \t\t\t\t<p class=\"nd_elements_line_height_2 nd_elements_font_weight_normal nd_elements_postgrid_compo_l6_excerpt\">Save the Date 24 giugno 2023 Apertura Ristorante<\/p>\n\t    \t\t\t\t<div class=\"nd_elements_section nd_elements_height_20\"><\/div>\n\t    \t\t\t\t<a class=\"nd_elements_line_height_1 nd_elements_padding_10_20 nd_elements_postgrid_compo_l6_btn nd_elements_font_size_12 nd_options_color_white nd_options_first_font nd_elements_font_weight_bold nd_elements_letter_spacing_2\" style=\"background-color:#000000\" href=\"https:\/\/hotelnuovoparco.com\/en\/apertura-ristorante-24-giugno\/\">READ MORE<\/a>\n\n\t    \t\t\t<\/div>\n\n    \t\t\t<\/div>\n\n    \t\t<\/div>\n\n    \t<\/div>\n<\/div>\t\t\t\t<\/div>\n\t\t\t\t<\/div>\n\t\t\t\t\t<\/div>\n\t\t<\/div>\n\t\t\t\t\t<\/div>\n\t\t<\/section>\n\t\t\t\t<\/div>","protected":false},"excerpt":{"rendered":"<p>NOVIT\u00c0 12 Dic &#8211; Novit\u00e0 Menu Capodanno Capodanno al Nuovo Parco! Festeggiamo insieme il 2023 READ MORE 9 Dic &#8211; Novit\u00e0 Menu Pranzo Natale Festeggia il Natale al Nuovo Parco! READ MORE 7 Dic &#8211; Novit\u00e0 Menu della Vigilia di Natale Passa con noi la Viglia di Natale! Specialit\u00e0 a base di Pesce! READ MORE [&hellip;]<\/p>\n","protected":false},"author":1,"featured_media":0,"parent":0,"menu_order":0,"comment_status":"closed","ping_status":"closed","template":"","meta":{"footnotes":""},"class_list":["post-9397","page","type-page","status-publish","hentry"],"yoast_head":"<!-- This site is optimized with the Yoast SEO plugin v26.6 - https:\/\/yoast.com\/wordpress\/plugins\/seo\/ -->\n<title>NOVIT\u00c0 - Hotel Nuovo Parco - Sestola<\/title>\n<meta name=\"robots\" content=\"index, follow, max-snippet:-1, max-image-preview:large, max-video-preview:-1\" \/>\n<link rel=\"canonical\" href=\"https:\/\/hotelnuovoparco.com\/en\/novita\/\" \/>\n<meta property=\"og:locale\" content=\"en_GB\" \/>\n<meta property=\"og:type\" content=\"article\" \/>\n<meta property=\"og:title\" content=\"NOVIT\u00c0 - Hotel Nuovo Parco - Sestola\" \/>\n<meta property=\"og:description\" content=\"NOVIT\u00c0 12 Dic &#8211; Novit\u00e0 Menu Capodanno Capodanno al Nuovo Parco! Festeggiamo insieme il 2023 READ MORE 9 Dic &#8211; Novit\u00e0 Menu Pranzo Natale Festeggia il Natale al Nuovo Parco! READ MORE 7 Dic &#8211; Novit\u00e0 Menu della Vigilia di Natale Passa con noi la Viglia di Natale! Specialit\u00e0 a base di Pesce! READ MORE [&hellip;]\" \/>\n<meta property=\"og:url\" content=\"https:\/\/hotelnuovoparco.com\/en\/novita\/\" \/>\n<meta property=\"og:site_name\" content=\"Hotel Nuovo Parco - Sestola\" \/>\n<meta property=\"article:modified_time\" content=\"2022-12-16T12:26:26+00:00\" \/>\n<meta name=\"twitter:card\" content=\"summary_large_image\" \/>\n<meta name=\"twitter:label1\" content=\"Estimated reading time\" \/>\n\t<meta name=\"twitter:data1\" content=\"1 minute\" \/>\n<script type=\"application\/ld+json\" class=\"yoast-schema-graph\">{\"@context\":\"https:\/\/schema.org\",\"@graph\":[{\"@type\":\"WebPage\",\"@id\":\"https:\/\/hotelnuovoparco.com\/novita\/\",\"url\":\"https:\/\/hotelnuovoparco.com\/novita\/\",\"name\":\"NOVIT\u00c0 - Hotel Nuovo Parco - Sestola\",\"isPartOf\":{\"@id\":\"https:\/\/hotelnuovoparco.com\/#website\"},\"datePublished\":\"2022-12-09T15:51:59+00:00\",\"dateModified\":\"2022-12-16T12:26:26+00:00\",\"breadcrumb\":{\"@id\":\"https:\/\/hotelnuovoparco.com\/novita\/#breadcrumb\"},\"inLanguage\":\"en-GB\",\"potentialAction\":[{\"@type\":\"ReadAction\",\"target\":[\"https:\/\/hotelnuovoparco.com\/novita\/\"]}]},{\"@type\":\"BreadcrumbList\",\"@id\":\"https:\/\/hotelnuovoparco.com\/novita\/#breadcrumb\",\"itemListElement\":[{\"@type\":\"ListItem\",\"position\":1,\"name\":\"Home\",\"item\":\"https:\/\/hotelnuovoparco.com\/\"},{\"@type\":\"ListItem\",\"position\":2,\"name\":\"NOVIT\u00c0\"}]},{\"@type\":\"WebSite\",\"@id\":\"https:\/\/hotelnuovoparco.com\/#website\",\"url\":\"https:\/\/hotelnuovoparco.com\/\",\"name\":\"Hotel Nuovo Parco - Sestola\",\"description\":\"Benessere e Divertimento a Sestola (MO)\",\"potentialAction\":[{\"@type\":\"SearchAction\",\"target\":{\"@type\":\"EntryPoint\",\"urlTemplate\":\"https:\/\/hotelnuovoparco.com\/?s={search_term_string}\"},\"query-input\":{\"@type\":\"PropertyValueSpecification\",\"valueRequired\":true,\"valueName\":\"search_term_string\"}}],\"inLanguage\":\"en-GB\"}]}<\/script>\n<!-- \/ Yoast SEO plugin. -->","yoast_head_json":{"title":"NOVIT\u00c0 - Hotel Nuovo Parco - Sestola","robots":{"index":"index","follow":"follow","max-snippet":"max-snippet:-1","max-image-preview":"max-image-preview:large","max-video-preview":"max-video-preview:-1"},"canonical":"https:\/\/hotelnuovoparco.com\/en\/novita\/","og_locale":"en_GB","og_type":"article","og_title":"NOVIT\u00c0 - Hotel Nuovo Parco - Sestola","og_description":"NOVIT\u00c0 12 Dic &#8211; Novit\u00e0 Menu Capodanno Capodanno al Nuovo Parco! Festeggiamo insieme il 2023 READ MORE 9 Dic &#8211; Novit\u00e0 Menu Pranzo Natale Festeggia il Natale al Nuovo Parco! READ MORE 7 Dic &#8211; Novit\u00e0 Menu della Vigilia di Natale Passa con noi la Viglia di Natale! Specialit\u00e0 a base di Pesce! READ MORE [&hellip;]","og_url":"https:\/\/hotelnuovoparco.com\/en\/novita\/","og_site_name":"Hotel Nuovo Parco - Sestola","article_modified_time":"2022-12-16T12:26:26+00:00","twitter_card":"summary_large_image","twitter_misc":{"Estimated reading time":"1 minute"},"schema":{"@context":"https:\/\/schema.org","@graph":[{"@type":"WebPage","@id":"https:\/\/hotelnuovoparco.com\/novita\/","url":"https:\/\/hotelnuovoparco.com\/novita\/","name":"NOVIT\u00c0 - Hotel Nuovo Parco - Sestola","isPartOf":{"@id":"https:\/\/hotelnuovoparco.com\/#website"},"datePublished":"2022-12-09T15:51:59+00:00","dateModified":"2022-12-16T12:26:26+00:00","breadcrumb":{"@id":"https:\/\/hotelnuovoparco.com\/novita\/#breadcrumb"},"inLanguage":"en-GB","potentialAction":[{"@type":"ReadAction","target":["https:\/\/hotelnuovoparco.com\/novita\/"]}]},{"@type":"BreadcrumbList","@id":"https:\/\/hotelnuovoparco.com\/novita\/#breadcrumb","itemListElement":[{"@type":"ListItem","position":1,"name":"Home","item":"https:\/\/hotelnuovoparco.com\/"},{"@type":"ListItem","position":2,"name":"NOVIT\u00c0"}]},{"@type":"WebSite","@id":"https:\/\/hotelnuovoparco.com\/#website","url":"https:\/\/hotelnuovoparco.com\/","name":"Hotel Nuovo Parco - Sestola","description":"Benessere e Divertimento a Sestola (MO)","potentialAction":[{"@type":"SearchAction","target":{"@type":"EntryPoint","urlTemplate":"https:\/\/hotelnuovoparco.com\/?s={search_term_string}"},"query-input":{"@type":"PropertyValueSpecification","valueRequired":true,"valueName":"search_term_string"}}],"inLanguage":"en-GB"}]}},"rttpg_featured_image_url":null,"rttpg_author":{"display_name":"ivan sandrolini","author_link":"https:\/\/hotelnuovoparco.com\/en\/author\/ivan-sandrolini\/"},"rttpg_comment":0,"rttpg_category":"","rttpg_excerpt":"NOVIT\u00c0 12 Dic &#8211; Novit\u00e0 Menu Capodanno Capodanno al Nuovo Parco! Festeggiamo insieme il 2023 READ MORE 9 Dic &#8211; Novit\u00e0 Menu Pranzo Natale Festeggia il Natale al Nuovo Parco! READ MORE 7 Dic &#8211; Novit\u00e0 Menu della Vigilia di Natale Passa con noi la Viglia di Natale! Specialit\u00e0 a base di Pesce! READ MORE&hellip;","_links":{"self":[{"href":"https:\/\/hotelnuovoparco.com\/en\/wp-json\/wp\/v2\/pages\/9397","targetHints":{"allow":["GET"]}}],"collection":[{"href":"https:\/\/hotelnuovoparco.com\/en\/wp-json\/wp\/v2\/pages"}],"about":[{"href":"https:\/\/hotelnuovoparco.com\/en\/wp-json\/wp\/v2\/types\/page"}],"author":[{"embeddable":true,"href":"https:\/\/hotelnuovoparco.com\/en\/wp-json\/wp\/v2\/users\/1"}],"replies":[{"embeddable":true,"href":"https:\/\/hotelnuovoparco.com\/en\/wp-json\/wp\/v2\/comments?post=9397"}],"version-history":[{"count":28,"href":"https:\/\/hotelnuovoparco.com\/en\/wp-json\/wp\/v2\/pages\/9397\/revisions"}],"predecessor-version":[{"id":9993,"href":"https:\/\/hotelnuovoparco.com\/en\/wp-json\/wp\/v2\/pages\/9397\/revisions\/9993"}],"wp:attachment":[{"href":"https:\/\/hotelnuovoparco.com\/en\/wp-json\/wp\/v2\/media?parent=9397"}],"curies":[{"name":"wp","href":"https:\/\/api.w.org\/{rel}","templated":true}]}}